{"id":365,"date":"2019-08-08T17:56:58","date_gmt":"2019-08-08T20:56:58","guid":{"rendered":"http:\/\/3pixeldesign.com.br\/tolentinos\/?page_id=365"},"modified":"2021-04-12T21:09:34","modified_gmt":"2021-04-13T00:09:34","slug":"sobre-nos","status":"publish","type":"page","link":"https:\/\/tolentinos.com\/site\/sobre-nos\/","title":{"rendered":"SOBRE N\u00d3S"},"content":{"rendered":"\t\t<div data-elementor-type=\"wp-post\" data-elementor-id=\"365\" class=\"elementor elementor-365\" data-elementor-settings=\"[]\">\n\t\t\t<div class=\"elementor-inner\">\n\t\t\t\t<div class=\"elementor-section-wrap\">\n\t\t\t\t\t\t\t<section data-particle_enable=\"false\" class=\"elementor-element elementor-element-2486be9 elementor-section-stretched elementor-section-boxed elementor-section-height-default elementor-section-height-default elementor-section elementor-top-section\" data-id=\"2486be9\" data-element_type=\"section\" data-settings=\"{&quot;stretch_section&quot;:&quot;section-stretched&quot;}\">\n\t\t\t\t\t\t<div class=\"elementor-container elementor-column-gap-default\">\n\t\t\t\t<div class=\"elementor-row\">\n\t\t\t\t<div class=\"elementor-element elementor-element-f6b7ca7 elementor-column elementor-col-100 elementor-top-column\" data-id=\"f6b7ca7\" data-element_type=\"column\">\n\t\t\t<div class=\"elementor-column-wrap  elementor-element-populated\">\n\t\t\t\t\t<div class=\"elementor-widget-wrap\">\n\t\t\t\t<div class=\"elementor-element elementor-element-7168fe8 uael-heading-align-center uael-heading-fill-color elementor-widget elementor-widget-uael-advanced-heading\" data-id=\"7168fe8\" data-element_type=\"widget\" data-widget_type=\"uael-advanced-heading.default\">\n\t\t\t\t<div class=\"elementor-widget-container\">\n\t\t\t\r\n\t\t<div class=\"uael-module-content uael-heading-wrapper\">\r\n\t\t\t\r\n\t\t\t<h2 class=\"uael-heading\">\r\n\t\t\t\t\t\t\t\t\t\t<span class=\"uael-heading-text elementor-inline-editing\" data-elementor-setting-key=\"heading_title\" data-elementor-inline-editing-toolbar=\"basic\" >SOBRE <span>N\u00d3S<\/span>\r\n\t\t\t\t\t\t\t<\/h2>\r\n\r\n\t\t\t\t\t\t<div class=\"uael-module-content uael-separator-parent\">\r\n\t\t\t\t\t\t\t\t<div class=\"uael-separator-wrap\">\r\n\t\t\t\t\t<div class=\"uael-separator-line uael-side-left\">\r\n\t\t\t\t\t\t<span><\/span>\r\n\t\t\t\t\t<\/div>\r\n\t\t\t\t\t<div class=\"uael-divider-content\">\r\n\t\t\t\t\t\t\t\t\t<div class=\"uael-module-content uael-imgicon-wrap elementor-animation-\">\t\t\t\t\t\t\t\t\t\t\t\t\t<div class=\"uael-icon-wrap\">\r\n\t\t\t\t\t\t<span class=\"uael-icon\">\r\n\t\t\t\t\t\t\t<i class=\"fa fa-code\"><\/i>\r\n\t\t\t\t\t\t<\/span>\r\n\t\t\t\t\t<\/div>\r\n\t\t\t\t\r\n\t\t\t\t\t\t\t\t\t\t\t<\/div>\r\n\t\t\t\t\t\t\t\t\t\r\n\t\t\t\t\t<\/div>\r\n\t\t\t\t\t<div class=\"uael-separator-line uael-side-right\">\r\n\t\t\t\t\t\t<span><\/span>\r\n\t\t\t\t\t<\/div>\r\n\t\t\t\t<\/div>\r\n\t\t\t\t\t\t\t\t\t\t<\/div>\r\n\t\t\t\r\n\t\t\t\r\n\t\t\t\t\t\t<\/div>\r\n\t\t\t\t<\/div>\n\t\t\t\t<\/div>\n\t\t\t\t<div class=\"elementor-element elementor-element-4ca2512 elementor-widget elementor-widget-heading\" data-id=\"4ca2512\" data-element_type=\"widget\" data-widget_type=\"heading.default\">\n\t\t\t\t<div class=\"elementor-widget-container\">\n\t\t\t<h2 class=\"elementor-heading-title elementor-size-default\">Somos especialistas em Desenvolvimento de Softwares e Aplicativos para Empresas e Startups, h\u00e1 11 anos trabalhando sempre com honestidade, comprometimento, respeito e \u00e9tica. Mantemos sempre o foco em usabilidade, e experi\u00eancia do usu\u00e1rio, com o prop\u00f3sito de proporcionar os melhores resultados para cada projeto. Atendemos todo o Brasil atrav\u00e9s de resultados atuais que tornam as ideias dos clientes em aplica\u00e7\u00f5es pr\u00e1ticas, funcionais e intuitivas.<br>O  nosso Time Tolentinos, possui uma equipe de profissionais qualificados, e obstinados, em realmente entender cada necessidade, e desenvolver uma sinergia com a equipe dos nossos clientes e parceiros. Atrav\u00e9s de metodologias eficientes, e planejamentos bem definidos, oferecemos solu\u00e7\u00f5es efetivas, para todas as fases do seu projeto.<br>  <br><\/h2>\t\t<\/div>\n\t\t\t\t<\/div>\n\t\t\t\t<div class=\"elementor-element elementor-element-1cb285d uael-heading-align-center uael-heading-fill-color elementor-widget elementor-widget-uael-advanced-heading\" data-id=\"1cb285d\" data-element_type=\"widget\" data-widget_type=\"uael-advanced-heading.default\">\n\t\t\t\t<div class=\"elementor-widget-container\">\n\t\t\t\r\n\t\t<div class=\"uael-module-content uael-heading-wrapper\">\r\n\t\t\t\r\n\t\t\t<h2 class=\"uael-heading\">\r\n\t\t\t\t\t\t\t\t\t\t<span class=\"uael-heading-text elementor-inline-editing\" data-elementor-setting-key=\"heading_title\" data-elementor-inline-editing-toolbar=\"basic\" >Por que a Tolentinos?<\/span>\r\n\t\t\t\t\t\t\t<\/h2>\r\n\r\n\t\t\t\t\t\t<div class=\"uael-module-content uael-separator-parent\">\r\n\t\t\t\t\t\t\t\t<div class=\"uael-separator-wrap\">\r\n\t\t\t\t\t<div class=\"uael-separator-line uael-side-left\">\r\n\t\t\t\t\t\t<span><\/span>\r\n\t\t\t\t\t<\/div>\r\n\t\t\t\t\t<div class=\"uael-divider-content\">\r\n\t\t\t\t\t\t\t\t\t<div class=\"uael-module-content uael-imgicon-wrap elementor-animation-\">\t\t\t\t\t\t\t\t\t\t\t\t\t<div class=\"uael-icon-wrap\">\r\n\t\t\t\t\t\t<span class=\"uael-icon\">\r\n\t\t\t\t\t\t\t<i class=\"fa fa-code\"><\/i>\r\n\t\t\t\t\t\t<\/span>\r\n\t\t\t\t\t<\/div>\r\n\t\t\t\t\r\n\t\t\t\t\t\t\t\t\t\t\t<\/div>\r\n\t\t\t\t\t\t\t\t\t\r\n\t\t\t\t\t<\/div>\r\n\t\t\t\t\t<div class=\"uael-separator-line uael-side-right\">\r\n\t\t\t\t\t\t<span><\/span>\r\n\t\t\t\t\t<\/div>\r\n\t\t\t\t<\/div>\r\n\t\t\t\t\t\t\t\t\t\t<\/div>\r\n\t\t\t\r\n\t\t\t\r\n\t\t\t\t\t\t<\/div>\r\n\t\t\t\t<\/div>\n\t\t\t\t<\/div>\n\t\t\t\t<div class=\"elementor-element elementor-element-0db4389 elementor-widget elementor-widget-heading\" data-id=\"0db4389\" data-element_type=\"widget\" data-widget_type=\"heading.default\">\n\t\t\t\t<div class=\"elementor-widget-container\">\n\t\t\t<h2 class=\"elementor-heading-title elementor-size-default\">N\u00f3s desenvolvemos softwares sob medida para as necessidades da sua Empresa ou Startup, de forma eficiente e sem complica\u00e7\u00e3o. O nosso esp\u00edrito de inova\u00e7\u00e3o permite que nossas equipes, em coopera\u00e7\u00e3o com as equipes dos clientes, adotem as pr\u00e1ticas de lean startup em projetos de transforma\u00e7\u00e3o digital atrav\u00e9s de desenvolvimento \u00e1gil e de qualidade. Nossa experi\u00eancia em solu\u00e7\u00f5es inovadoras nos permitiu trabalhar, desde tecnologias j\u00e1 bastantes consagradas, at\u00e9 com o que h\u00e1 de mais avan\u00e7ado. Temos preocupa\u00e7\u00e3o verdadeira com os resultados dos nossos clientes. Aqui, n\u00f3s tratamos cada projeto individualmente dentro de suas caracter\u00edsticas espec\u00edficas, visando sempre alcan\u00e7ar os melhores resultados poss\u00edveis. N\u00e3o deixe que o seu sonho fique s\u00f3 no papel. Traga para n\u00f3s o que voc\u00ea deseja e n\u00f3s iremos transform\u00e1-lo em realidade!<\/h2>\t\t<\/div>\n\t\t\t\t<\/div>\n\t\t\t\t<div class=\"elementor-element elementor-element-5cc9a2f uael-heading-align-center uael-heading-fill-color elementor-widget elementor-widget-uael-advanced-heading\" data-id=\"5cc9a2f\" data-element_type=\"widget\" data-widget_type=\"uael-advanced-heading.default\">\n\t\t\t\t<div class=\"elementor-widget-container\">\n\t\t\t\r\n\t\t<div class=\"uael-module-content uael-heading-wrapper\">\r\n\t\t\t\r\n\t\t\t<h2 class=\"uael-heading\">\r\n\t\t\t\t\t\t\t\t\t\t<span class=\"uael-heading-text elementor-inline-editing\" data-elementor-setting-key=\"heading_title\" data-elementor-inline-editing-toolbar=\"basic\" >HIST\u00d3RIA<\/span>\r\n\t\t\t\t\t\t\t<\/h2>\r\n\r\n\t\t\t\t\t\t<div class=\"uael-module-content uael-separator-parent\">\r\n\t\t\t\t\t\t\t\t<div class=\"uael-separator-wrap\">\r\n\t\t\t\t\t<div class=\"uael-separator-line uael-side-left\">\r\n\t\t\t\t\t\t<span><\/span>\r\n\t\t\t\t\t<\/div>\r\n\t\t\t\t\t<div class=\"uael-divider-content\">\r\n\t\t\t\t\t\t\t\t\t<div class=\"uael-module-content uael-imgicon-wrap elementor-animation-\">\t\t\t\t\t\t\t\t\t\t\t\t\t<div class=\"uael-icon-wrap\">\r\n\t\t\t\t\t\t<span class=\"uael-icon\">\r\n\t\t\t\t\t\t\t<i class=\"fa fa-code\"><\/i>\r\n\t\t\t\t\t\t<\/span>\r\n\t\t\t\t\t<\/div>\r\n\t\t\t\t\r\n\t\t\t\t\t\t\t\t\t\t\t<\/div>\r\n\t\t\t\t\t\t\t\t\t\r\n\t\t\t\t\t<\/div>\r\n\t\t\t\t\t<div class=\"uael-separator-line uael-side-right\">\r\n\t\t\t\t\t\t<span><\/span>\r\n\t\t\t\t\t<\/div>\r\n\t\t\t\t<\/div>\r\n\t\t\t\t\t\t\t\t\t\t<\/div>\r\n\t\t\t\r\n\t\t\t\r\n\t\t\t\t\t\t<\/div>\r\n\t\t\t\t<\/div>\n\t\t\t\t<\/div>\n\t\t\t\t<div class=\"elementor-element elementor-element-22561d2 elementor-widget elementor-widget-jet-timeline\" data-id=\"22561d2\" data-element_type=\"widget\" data-widget_type=\"jet-timeline.default\">\n\t\t\t\t<div class=\"elementor-widget-container\">\n\t\t\t<div class=\"elementor-jet-timeline jet-elements\"><div class=\"jet-timeline jet-timeline--align-center jet-timeline--align-middle\">\n\t<div class=\"jet-timeline__line\"><div class=\"jet-timeline__line-progress\"><\/div><\/div>\n\t<div class=\"jet-timeline-list\"><div class=\"jet-timeline-item jet-timeline-item--animated elementor-repeater-item-6d1ed91\">\n\t<div class=\"timeline-item__card\">\n\t\t<div class=\"timeline-item__card-inner\">\n\t\t\t\t\t\t\t\t<div class=\"timeline-item__card-content\">\n\t\t\t\t\t<div class=\"timeline-item__meta\"><div class=\"timeline-item__meta-content\">2008<\/div><\/div><h5 class=\"timeline-item__card-title\">O IN\u00cdCIO<\/h5><div class=\"timeline-item__card-desc\">A Tolentinos foi criada em 2008 pelo mineiro Vinicius Tolentino que ap\u00f3s formar em Ci\u00eancia da Computa\u00e7\u00e3o pela Universidade FUMEC abre sua segunda empresa, para atuar nos seguimentos de tecnologias mobile e web. <\/div>\t\t\t\t<\/div>\n\t\t<\/div>\n\t\t<div class=\"timeline-item__card-arrow\"><\/div>\n\t<\/div>\n\t<div class=\"timeline-item__point\"><div class=\"timeline-item__point-content timeline-item__point-content--icon\"><span class=\"jet-elements-icon\"><i aria-hidden=\"true\" class=\"fas fa-calendar-alt\"><\/i><\/span><\/div><\/div><div class=\"timeline-item__meta\"><div class=\"timeline-item__meta-content\">2008<\/div><\/div><\/div><div class=\"jet-timeline-item jet-timeline-item--animated elementor-repeater-item-3c3b3ce\">\n\t<div class=\"timeline-item__card\">\n\t\t<div class=\"timeline-item__card-inner\">\n\t\t\t\t\t\t\t\t<div class=\"timeline-item__card-content\">\n\t\t\t\t\t<div class=\"timeline-item__meta\"><div class=\"timeline-item__meta-content\">2011<\/div><\/div><h5 class=\"timeline-item__card-title\">mercado nacional<\/h5><div class=\"timeline-item__card-desc\">Ap\u00f3s tr\u00eas anos de trabalho no mercado nacional, em meados de 2011, surgiu a oportunidade de abrir uma filial na cidade P\u00f3voa de V\u00e1rzim em Portugal, expandindo o mercado de atua\u00e7\u00e3o para a Europa. Inicialmente todo projeto captado no mercado europeu era desenvolvido no Brasil, juntamente com empresas de parceria tecnol\u00f3gicas. <\/div>\t\t\t\t<\/div>\n\t\t<\/div>\n\t\t<div class=\"timeline-item__card-arrow\"><\/div>\n\t<\/div>\n\t<div class=\"timeline-item__point\"><div class=\"timeline-item__point-content timeline-item__point-content--icon\"><span class=\"jet-elements-icon\"><i aria-hidden=\"true\" class=\"fas fa-calendar-alt\"><\/i><\/span><\/div><\/div><div class=\"timeline-item__meta\"><div class=\"timeline-item__meta-content\">2011<\/div><\/div><\/div><div class=\"jet-timeline-item jet-timeline-item--animated elementor-repeater-item-18c9a60\">\n\t<div class=\"timeline-item__card\">\n\t\t<div class=\"timeline-item__card-inner\">\n\t\t\t\t\t\t\t\t<div class=\"timeline-item__card-content\">\n\t\t\t\t\t<div class=\"timeline-item__meta\"><div class=\"timeline-item__meta-content\">2013 <\/div><\/div><h5 class=\"timeline-item__card-title\">WebHosting<\/h5><div class=\"timeline-item__card-desc\">Em Janeiro de 2013 a Tolentinos teve a cria\u00e7\u00e3o da Tolentinos WebHosting, para atuar no setor de WebHosting e Internet Services, juntamente com uma empresa de Norte Americana. <\/div>\t\t\t\t<\/div>\n\t\t<\/div>\n\t\t<div class=\"timeline-item__card-arrow\"><\/div>\n\t<\/div>\n\t<div class=\"timeline-item__point\"><div class=\"timeline-item__point-content timeline-item__point-content--icon\"><span class=\"jet-elements-icon\"><i aria-hidden=\"true\" class=\"fas fa-calendar-alt\"><\/i><\/span><\/div><\/div><div class=\"timeline-item__meta\"><div class=\"timeline-item__meta-content\">2013 <\/div><\/div><\/div><div class=\"jet-timeline-item jet-timeline-item--animated elementor-repeater-item-6f210bc\">\n\t<div class=\"timeline-item__card\">\n\t\t<div class=\"timeline-item__card-inner\">\n\t\t\t\t\t\t\t\t<div class=\"timeline-item__card-content\">\n\t\t\t\t\t<div class=\"timeline-item__meta\"><div class=\"timeline-item__meta-content\">2017<\/div><\/div><h5 class=\"timeline-item__card-title\">Tolentinos Holding<\/h5><div class=\"timeline-item__card-desc\">Em 2017, a Tolentinos teve a cria\u00e7\u00e3o da Tolentinos Holding, com o objetivo de criar um condom\u00ednio de startups, apoiando projetos de jovens empreendedores a alavancar seus neg\u00f3cios no mercado das startups. A Tolentinos Holding foi fundada atrav\u00e9s da jun\u00e7\u00e3o de tr\u00eas empresas parceiras, sendo elas: Tolentinos IT Solutions, Tolentinos Web Hosting e Marketys. A Tolentinos Holding possui sede em P\u00f3voa de Varzim\/Portugal e em Belo Horizonte\/Brasil.<\/div>\t\t\t\t<\/div>\n\t\t<\/div>\n\t\t<div class=\"timeline-item__card-arrow\"><\/div>\n\t<\/div>\n\t<div class=\"timeline-item__point\"><div class=\"timeline-item__point-content timeline-item__point-content--icon\"><span class=\"jet-elements-icon\"><i aria-hidden=\"true\" class=\"fas fa-calendar-alt\"><\/i><\/span><\/div><\/div><div class=\"timeline-item__meta\"><div class=\"timeline-item__meta-content\">2017<\/div><\/div><\/div><div class=\"jet-timeline-item jet-timeline-item--animated elementor-repeater-item-618cfc6\">\n\t<div class=\"timeline-item__card\">\n\t\t<div class=\"timeline-item__card-inner\">\n\t\t\t\t\t\t\t\t<div class=\"timeline-item__card-content\">\n\t\t\t\t\t<div class=\"timeline-item__meta\"><div class=\"timeline-item__meta-content\">2018 <\/div><\/div><h5 class=\"timeline-item__card-title\">Wevinc (Vinc Tecnologia)<\/h5><div class=\"timeline-item__card-desc\">A primeira startup a ser criada em sociedade com a Tolentinos Holding foi a Wevinc (Vinc Tecnologia), empresa criada no in\u00edcio de 2018 com o objetivo de criar o projeto Goocon e Goocon \u2013 Cidad\u00e3o para participar do Concurso de Aplicativos do Banco Central do Brasil: \u201cCidaData \u2013 Concurso de Aplicativo de Dados para Cidadania Financeira\u201d, realizado em parceria com a Funda\u00e7\u00e3o Lemann e a Federa\u00e7\u00e3o Nacional de Associa\u00e7\u00f5es dos Servidores do Banco Central (Fenasbac). <\/div>\t\t\t\t<\/div>\n\t\t<\/div>\n\t\t<div class=\"timeline-item__card-arrow\"><\/div>\n\t<\/div>\n\t<div class=\"timeline-item__point\"><div class=\"timeline-item__point-content timeline-item__point-content--icon\"><span class=\"jet-elements-icon\"><i aria-hidden=\"true\" class=\"fas fa-calendar-alt\"><\/i><\/span><\/div><\/div><div class=\"timeline-item__meta\"><div class=\"timeline-item__meta-content\">2018 <\/div><\/div><\/div><div class=\"jet-timeline-item jet-timeline-item--animated elementor-repeater-item-87552b8\">\n\t<div class=\"timeline-item__card\">\n\t\t<div class=\"timeline-item__card-inner\">\n\t\t\t\t<div class=\"timeline-item__card-img\"><img width=\"1754\" height=\"1241\" src=\"https:\/\/tolentinos.com\/site\/wp-content\/uploads\/2019\/11\/certificado_cidadata_ouvid_impresso_we_vinc_goocon_pages-to-jpg-0001.jpg\" class=\"attachment-full size-full\" alt=\"\" decoding=\"async\" srcset=\"https:\/\/tolentinos.com\/site\/wp-content\/uploads\/2019\/11\/certificado_cidadata_ouvid_impresso_we_vinc_goocon_pages-to-jpg-0001.jpg 1754w, https:\/\/tolentinos.com\/site\/wp-content\/uploads\/2019\/11\/certificado_cidadata_ouvid_impresso_we_vinc_goocon_pages-to-jpg-0001-565x400.jpg 565w, https:\/\/tolentinos.com\/site\/wp-content\/uploads\/2019\/11\/certificado_cidadata_ouvid_impresso_we_vinc_goocon_pages-to-jpg-0001-768x543.jpg 768w, https:\/\/tolentinos.com\/site\/wp-content\/uploads\/2019\/11\/certificado_cidadata_ouvid_impresso_we_vinc_goocon_pages-to-jpg-0001-1131x800.jpg 1131w, https:\/\/tolentinos.com\/site\/wp-content\/uploads\/2019\/11\/certificado_cidadata_ouvid_impresso_we_vinc_goocon_pages-to-jpg-0001-600x425.jpg 600w, https:\/\/tolentinos.com\/site\/wp-content\/uploads\/2019\/11\/certificado_cidadata_ouvid_impresso_we_vinc_goocon_pages-to-jpg-0001-120x86.jpg 120w, https:\/\/tolentinos.com\/site\/wp-content\/uploads\/2019\/11\/certificado_cidadata_ouvid_impresso_we_vinc_goocon_pages-to-jpg-0001-750x531.jpg 750w, https:\/\/tolentinos.com\/site\/wp-content\/uploads\/2019\/11\/certificado_cidadata_ouvid_impresso_we_vinc_goocon_pages-to-jpg-0001-1140x807.jpg 1140w\" sizes=\"(max-width: 1754px) 100vw, 1754px\" \/><\/div>\t\t\t\t<div class=\"timeline-item__card-content\">\n\t\t\t\t\t<div class=\"timeline-item__meta\"><div class=\"timeline-item__meta-content\">2018<\/div><\/div><h5 class=\"timeline-item__card-title\">conquista<\/h5><div class=\"timeline-item__card-desc\">Em novembro deste mesmo ano, conquistou a vaga de finalista desde concurso, no qual participaram milhares de outras startups em todo o pa\u00eds. Ganhando ent\u00e3o um aumento da visibilidade no mercado tecnol\u00f3gico. <\/div>\t\t\t\t<\/div>\n\t\t<\/div>\n\t\t<div class=\"timeline-item__card-arrow\"><\/div>\n\t<\/div>\n\t<div class=\"timeline-item__point\"><div class=\"timeline-item__point-content timeline-item__point-content--icon\"><span class=\"jet-elements-icon\"><i aria-hidden=\"true\" class=\"fas fa-calendar-alt\"><\/i><\/span><\/div><\/div><div class=\"timeline-item__meta\"><div class=\"timeline-item__meta-content\">2018<\/div><\/div><\/div><div class=\"jet-timeline-item jet-timeline-item--animated elementor-repeater-item-a51f52c\">\n\t<div class=\"timeline-item__card\">\n\t\t<div class=\"timeline-item__card-inner\">\n\t\t\t\t\t\t\t\t<div class=\"timeline-item__card-content\">\n\t\t\t\t\t<div class=\"timeline-item__meta\"><div class=\"timeline-item__meta-content\">2019<\/div><\/div><h5 class=\"timeline-item__card-title\">Novas Ideias<\/h5><div class=\"timeline-item__card-desc\">Em abril de 2019, ap\u00f3s ser finalista no concurso do Banco Central, foi vendida a participa\u00e7\u00e3o da Wevinc para outro investidor. Desde ent\u00e3o novos projetos e novos neg\u00f3cios s\u00e3o criados todos os dias.<br>\nTamb\u00e9m em 2019 o time da  Tolentinos cresceu em Belo Horizonte-MG,  se tornando uma f\u00e1brica de desenvolvimento de aplicativos , Sistemas Web e Softwares sob medida, com as mais novas tend\u00eancias e tecnologias do mercado.<\/div>\t\t\t\t<\/div>\n\t\t<\/div>\n\t\t<div class=\"timeline-item__card-arrow\"><\/div>\n\t<\/div>\n\t<div class=\"timeline-item__point\"><div class=\"timeline-item__point-content timeline-item__point-content--icon\"><span class=\"jet-elements-icon\"><i aria-hidden=\"true\" class=\"fas fa-calendar-alt\"><\/i><\/span><\/div><\/div><div class=\"timeline-item__meta\"><div class=\"timeline-item__meta-content\">2019<\/div><\/div><\/div><div class=\"jet-timeline-item jet-timeline-item--animated elementor-repeater-item-11099f4\">\n\t<div class=\"timeline-item__card\">\n\t\t<div class=\"timeline-item__card-inner\">\n\t\t\t\t\t\t\t\t<div class=\"timeline-item__card-content\">\n\t\t\t\t\t<div class=\"timeline-item__meta\"><div class=\"timeline-item__meta-content\">2020<\/div><\/div><h5 class=\"timeline-item__card-title\">Nova Filial<\/h5><div class=\"timeline-item__card-desc\">Em 10 de Agosto de 2020, a Tolentinos expandiu sua \u00e1rea de atua\u00e7\u00e3o para o sul do Brasil. Abriu uma nova filial na cidade de FOZ do IGUA\u00c7U. Posicionamento estrat\u00e9gico na tr\u00edplice fronteira e visando expans\u00e3o para o mercado Paraguaio e Argentino<\/div>\t\t\t\t<\/div>\n\t\t<\/div>\n\t\t<div class=\"timeline-item__card-arrow\"><\/div>\n\t<\/div>\n\t<div class=\"timeline-item__point\"><div class=\"timeline-item__point-content timeline-item__point-content--icon\"><span class=\"jet-elements-icon\"><i aria-hidden=\"true\" class=\"fas fa-calendar-alt\"><\/i><\/span><\/div><\/div><div class=\"timeline-item__meta\"><div class=\"timeline-item__meta-content\">2020<\/div><\/div><\/div><div class=\"jet-timeline-item jet-timeline-item--animated elementor-repeater-item-21617bf\">\n\t<div class=\"timeline-item__card\">\n\t\t<div class=\"timeline-item__card-inner\">\n\t\t\t\t<div class=\"timeline-item__card-img\"><img width=\"1100\" height=\"888\" src=\"https:\/\/tolentinos.com\/site\/wp-content\/uploads\/2021\/03\/Untitled-1.png\" class=\"attachment-full size-full\" alt=\"\" decoding=\"async\" srcset=\"https:\/\/tolentinos.com\/site\/wp-content\/uploads\/2021\/03\/Untitled-1.png 1100w, https:\/\/tolentinos.com\/site\/wp-content\/uploads\/2021\/03\/Untitled-1-495x400.png 495w, https:\/\/tolentinos.com\/site\/wp-content\/uploads\/2021\/03\/Untitled-1-768x620.png 768w, https:\/\/tolentinos.com\/site\/wp-content\/uploads\/2021\/03\/Untitled-1-991x800.png 991w, https:\/\/tolentinos.com\/site\/wp-content\/uploads\/2021\/03\/Untitled-1-600x484.png 600w, https:\/\/tolentinos.com\/site\/wp-content\/uploads\/2021\/03\/Untitled-1-750x605.png 750w\" sizes=\"(max-width: 1100px) 100vw, 1100px\" \/><\/div>\t\t\t\t<div class=\"timeline-item__card-content\">\n\t\t\t\t\t<div class=\"timeline-item__meta\"><div class=\"timeline-item__meta-content\">2021<\/div><\/div><h5 class=\"timeline-item__card-title\">Parceria de Sucesso PTI<\/h5><div class=\"timeline-item__card-desc\">Com o objetivo de transformar ideias em aplicativos de sucesso, a Tolentinos IT Solutions \u00e9 a primeira empresa a integrar o ecossistema de inova\u00e7\u00e3o do Parque Tecnol\u00f3gico Itaipu (PTI-BR) como cond\u00f4mina em 2021. O empreendimento, consolidado no mercado h\u00e1 11 anos, atua com inova\u00e7\u00e3o tecnol\u00f3gica voltada ao desenvolvimento de aplicativos e sistemas web para empresas e startups.<\/div><div class=\"timeline-item__card-btn-wrap\"><a class=\"timeline-item__card-btn elementor-button elementor-size-md\" role=\"button\" href=\"https:\/\/www.pti.org.br\/pt-br\/content\/pti-tem-nova-empresa-residente-especializada-no-desenvolvimento-de-solu%C3%A7%C3%B5es-tecnol%C3%B3gicas\">Saiba mais<\/a><\/div>\t\t\t\t<\/div>\n\t\t<\/div>\n\t\t<div class=\"timeline-item__card-arrow\"><\/div>\n\t<\/div>\n\t<div class=\"timeline-item__point\"><div class=\"timeline-item__point-content timeline-item__point-content--icon\"><span class=\"jet-elements-icon\"><i aria-hidden=\"true\" class=\"fas fa-calendar-alt\"><\/i><\/span><\/div><\/div><div class=\"timeline-item__meta\"><div class=\"timeline-item__meta-content\">2021<\/div><\/div><\/div><\/div><\/div><\/div>\t\t<\/div>\n\t\t\t\t<\/div>\n\t\t\t\t\t\t<\/div>\n\t\t\t<\/div>\n\t\t<\/div>\n\t\t\t\t\t\t<\/div>\n\t\t\t<\/div>\n\t\t<\/section>\n\t\t\t\t\t\t<\/div>\n\t\t\t<\/div>\n\t\t<\/div>\n\t\t","protected":false},"excerpt":{"rendered":"<p>SOBRE N\u00d3S Somos especialistas em Desenvolvimento de Softwares e Aplicativos para Empresas e Startups, h\u00e1 11 anos trabalhando sempre com honestidade, comprometimento, respeito e \u00e9tica. Mantemos sempre o foco em usabilidade, e experi\u00eancia do usu\u00e1rio, com o prop\u00f3sito de proporcionar os melhores resultados para cada projeto. Atendemos todo o Brasil atrav\u00e9s de resultados atuais que [&#8230;]\n","protected":false},"author":1,"featured_media":0,"parent":0,"menu_order":0,"comment_status":"closed","ping_status":"closed","template":"","meta":{"footnotes":""},"yst_prominent_words":[106,111,572,114,386,112,99,98,113,100,104],"_links":{"self":[{"href":"https:\/\/tolentinos.com\/site\/wp-json\/wp\/v2\/pages\/365"}],"collection":[{"href":"https:\/\/tolentinos.com\/site\/wp-json\/wp\/v2\/pages"}],"about":[{"href":"https:\/\/tolentinos.com\/site\/wp-json\/wp\/v2\/types\/page"}],"author":[{"embeddable":true,"href":"https:\/\/tolentinos.com\/site\/wp-json\/wp\/v2\/users\/1"}],"replies":[{"embeddable":true,"href":"https:\/\/tolentinos.com\/site\/wp-json\/wp\/v2\/comments?post=365"}],"version-history":[{"count":0,"href":"https:\/\/tolentinos.com\/site\/wp-json\/wp\/v2\/pages\/365\/revisions"}],"wp:attachment":[{"href":"https:\/\/tolentinos.com\/site\/wp-json\/wp\/v2\/media?parent=365"}],"wp:term":[{"taxonomy":"yst_prominent_words","embeddable":true,"href":"https:\/\/tolentinos.com\/site\/wp-json\/wp\/v2\/yst_prominent_words?post=365"}],"curies":[{"name":"wp","href":"https:\/\/api.w.org\/{rel}","templated":true}]}}